{"id":97,"date":"2021-12-12T05:34:58","date_gmt":"2021-12-12T11:34:58","guid":{"rendered":"https:\/\/demosites.royal-elementor-addons.com\/construction-v1\/?page_id=97"},"modified":"2023-06-11T22:59:50","modified_gmt":"2023-06-12T04:59:50","slug":"proyectos","status":"publish","type":"page","link":"https:\/\/montajesdsi.com\/index.php\/proyectos\/","title":{"rendered":"Proyectos"},"content":{"rendered":"<p class=\"attachment\"><a href='https:\/\/montajesdsi.com\/wp-content\/uploads\/2023\/06\/WhatsApp-Image-2023-06-05-at-10.31.19-AM.jpeg'><img fetchpriority=\"high\" decoding=\"async\" width=\"300\" height=\"169\" src=\"https:\/\/montajesdsi.com\/wp-content\/uploads\/2023\/06\/WhatsApp-Image-2023-06-05-at-10.31.19-AM-300x169.jpeg\" class=\"attachment-medium size-medium\" alt=\"\" srcset=\"https:\/\/montajesdsi.com\/wp-content\/uploads\/2023\/06\/WhatsApp-Image-2023-06-05-at-10.31.19-AM-300x169.jpeg 300w, https:\/\/montajesdsi.com\/wp-content\/uploads\/2023\/06\/WhatsApp-Image-2023-06-05-at-10.31.19-AM-1024x576.jpeg 1024w, https:\/\/montajesdsi.com\/wp-content\/uploads\/2023\/06\/WhatsApp-Image-2023-06-05-at-10.31.19-AM-768x432.jpeg 768w, https:\/\/montajesdsi.com\/wp-content\/uploads\/2023\/06\/WhatsApp-Image-2023-06-05-at-10.31.19-AM-1536x864.jpeg 1536w, https:\/\/montajesdsi.com\/wp-content\/uploads\/2023\/06\/WhatsApp-Image-2023-06-05-at-10.31.19-AM.jpeg 1600w\" sizes=\"(max-width: 300px) 100vw, 300px\" \/><\/a><\/p>\n\t\t<div data-elementor-type=\"wp-page\" data-elementor-id=\"97\" class=\"elementor elementor-97\" data-elementor-settings=\"{&quot;ha_cmc_init_switcher&quot;:&quot;no&quot;}\">\n\t\t\t\t\t\t<section class=\"elementor-section elementor-top-section elementor-element elementor-element-11bf84e9 elementor-section-height-min-height elementor-section-content-middle elementor-section-boxed elementor-section-height-default elementor-section-items-middle wpr-particle-no wpr-jarallax-no wpr-parallax-no wpr-sticky-section-no wpr-equal-height-no\" data-id=\"11bf84e9\" data-element_type=\"section\" data-e-type=\"section\" data-settings=\"{&quot;background_background&quot;:&quot;classic&quot;,&quot;_ha_eqh_enable&quot;:false}\">\n\t\t\t\t\t\t\t<div class=\"elementor-background-overlay\"><\/div>\n\t\t\t\t\t\t\t<div class=\"elementor-container elementor-column-gap-default\">\n\t\t\t\t\t<div class=\"elementor-column elementor-col-100 elementor-top-column elementor-element elementor-element-6b9962d4\" data-id=\"6b9962d4\" data-element_type=\"column\" data-e-type=\"column\">\n\t\t\t<div class=\"elementor-widget-wrap elementor-element-populated\">\n\t\t\t\t\t\t<div class=\"elementor-element elementor-element-4933e718 elementor-widget elementor-widget-heading\" data-id=\"4933e718\" data-element_type=\"widget\" data-e-type=\"widget\" data-widget_type=\"heading.default\">\n\t\t\t\t<div class=\"elementor-widget-container\">\n\t\t\t\t\t<h2 class=\"elementor-heading-title elementor-size-default\">Proyectos<\/h2>\t\t\t\t<\/div>\n\t\t\t\t<\/div>\n\t\t\t\t\t<\/div>\n\t\t<\/div>\n\t\t\t\t\t<\/div>\n\t\t<\/section>\n\t\t\t\t<section class=\"elementor-section elementor-top-section elementor-element elementor-element-41f6ceec elementor-section-boxed elementor-section-height-default elementor-section-height-default wpr-particle-no wpr-jarallax-no wpr-parallax-no wpr-sticky-section-no wpr-equal-height-no\" data-id=\"41f6ceec\" data-element_type=\"section\" data-e-type=\"section\" data-settings=\"{&quot;_ha_eqh_enable&quot;:false}\">\n\t\t\t\t\t\t<div class=\"elementor-container elementor-column-gap-default\">\n\t\t\t\t\t<div class=\"elementor-column elementor-col-100 elementor-top-column elementor-element elementor-element-5aa080aa\" data-id=\"5aa080aa\" data-element_type=\"column\" data-e-type=\"column\">\n\t\t\t<div class=\"elementor-widget-wrap elementor-element-populated\">\n\t\t\t\t\t\t<div class=\"elementor-element elementor-element-159a3a1 elementor-widget elementor-widget-text-editor\" data-id=\"159a3a1\" data-element_type=\"widget\" data-e-type=\"widget\" data-widget_type=\"text-editor.default\">\n\t\t\t\t<div class=\"elementor-widget-container\">\n\t\t\t\t\t\t\t\t\t<p>Montajes Industriales DSI, l\u00edder en resultados.<\/p>\t\t\t\t\t\t\t\t<\/div>\n\t\t\t\t<\/div>\n\t\t\t\t<div class=\"elementor-element elementor-element-57097323 elementor-widget elementor-widget-heading\" data-id=\"57097323\" data-element_type=\"widget\" data-e-type=\"widget\" data-widget_type=\"heading.default\">\n\t\t\t\t<div class=\"elementor-widget-container\">\n\t\t\t\t\t<h2 class=\"elementor-heading-title elementor-size-default\">Descubre nuestros proyectos destacados en la industria el\u00e9ctrica. <\/h2>\t\t\t\t<\/div>\n\t\t\t\t<\/div>\n\t\t\t\t<div class=\"elementor-element elementor-element-93fe5ba elementor-widget elementor-widget-text-editor\" data-id=\"93fe5ba\" data-element_type=\"widget\" data-e-type=\"widget\" data-widget_type=\"text-editor.default\">\n\t\t\t\t<div class=\"elementor-widget-container\">\n\t\t\t\t\t\t\t\t\t<p>\u00c9xito comprobado en cada proyecto. Conoce c\u00f3mo Montajes Industriales DSI ha transformado la industria el\u00e9ctrica.<\/p><p>\u00a0<\/p>\t\t\t\t\t\t\t\t<\/div>\n\t\t\t\t<\/div>\n\t\t\t\t<div class=\"elementor-element elementor-element-67dcd79 wpr-grid-columns-3 wpr-grid-columns--tablet3 wpr-grid-columns--mobile1 wpr-grid-pagination-center elementor-widget elementor-widget-wpr-media-grid\" data-id=\"67dcd79\" data-element_type=\"widget\" data-e-type=\"widget\" data-widget_type=\"wpr-media-grid.default\">\n\t\t\t\t<div class=\"elementor-widget-container\">\n\t\t\t\t\t<section class=\"wpr-grid wpr-media-grid elementor-clearfix\" data-settings=\"{&quot;layout&quot;:&quot;masonry&quot;,&quot;columns_desktop&quot;:&quot;3&quot;,&quot;gutter_hr&quot;:10,&quot;gutter_hr_mobile&quot;:10,&quot;gutter_hr_mobile_extra&quot;:10,&quot;gutter_hr_tablet&quot;:10,&quot;gutter_hr_tablet_extra&quot;:10,&quot;gutter_hr_laptop&quot;:10,&quot;gutter_hr_widescreen&quot;:10,&quot;gutter_vr&quot;:10,&quot;gutter_vr_mobile&quot;:10,&quot;gutter_vr_mobile_extra&quot;:10,&quot;gutter_vr_tablet&quot;:10,&quot;gutter_vr_tablet_extra&quot;:10,&quot;gutter_vr_laptop&quot;:10,&quot;gutter_vr_widescreen&quot;:10,&quot;animation&quot;:&quot;default&quot;,&quot;animation_duration&quot;:0.3,&quot;animation_delay&quot;:0.1,&quot;deeplinking&quot;:&quot;&quot;,&quot;filters_default_filter&quot;:&quot;&quot;,&quot;filters_linkable&quot;:&quot;no&quot;,&quot;filters_count&quot;:&quot;&quot;,&quot;filters_hide_empty&quot;:&quot;no&quot;,&quot;filters_animation&quot;:&quot;default&quot;,&quot;filters_animation_duration&quot;:0.3,&quot;filters_animation_delay&quot;:0.1,&quot;pagination_type&quot;:&quot;load-more&quot;,&quot;pagination_max_pages&quot;:5,&quot;lightbox&quot;:{&quot;selector&quot;:&quot;.wpr-grid-image-wrap&quot;,&quot;iframeMaxWidth&quot;:&quot;60%&quot;,&quot;hash&quot;:false,&quot;autoplay&quot;:&quot;true&quot;,&quot;pause&quot;:4000,&quot;progressBar&quot;:&quot;true&quot;,&quot;counter&quot;:&quot;true&quot;,&quot;controls&quot;:&quot;true&quot;,&quot;getCaptionFromTitleOrAlt&quot;:&quot;&quot;,&quot;thumbnail&quot;:&quot;&quot;,&quot;showThumbByDefault&quot;:&quot;&quot;,&quot;share&quot;:&quot;&quot;,&quot;zoom&quot;:&quot;&quot;,&quot;fullScreen&quot;:&quot;true&quot;,&quot;download&quot;:&quot;true&quot;}}\"><article class=\"wpr-grid-item elementor-clearfix post-1144 attachment type-attachment status-inherit hentry\"><div class=\"wpr-grid-item-inner\"><div class=\"wpr-grid-media-wrap wpr-grayscale-in wpr-effect-size-small \"><div class=\"wpr-grid-image-wrap\" data-src=\"https:\/\/montajesdsi.com\/wp-content\/uploads\/2023\/06\/WhatsApp-Image-2023-06-05-at-10.31.27-AM.jpeg\"><img decoding=\"async\" src=\"https:\/\/montajesdsi.com\/wp-content\/uploads\/2023\/06\/WhatsApp-Image-2023-06-05-at-10.31.27-AM.jpeg\" alt=\"WhatsApp Image 2023-06-05 at 10.31.27 AM\" class=\"wpr-anim-timing-ease-default\"><\/div><div class=\"wpr-grid-media-hover wpr-animation-wrap\"><div class=\"wpr-grid-media-hover-bg  wpr-overlay-fade-in wpr-anim-size-large wpr-anim-timing-ease-default wpr-anim-transparency\" data-url=\"https:\/\/montajesdsi.com\/whatsapp-image-2023-06-05-at-10-31-27-am\/\"><\/div><div class=\"wpr-cv-container\"><div class=\"wpr-cv-outer\"><div class=\"wpr-cv-inner\"><div class=\"wpr-grid-media-hover-middle elementor-clearfix\"><div class=\"wpr-grid-item-lightbox elementor-repeater-item-2f89e9b wpr-grid-item-display-block wpr-grid-item-align-center wpr-element-fade-in wpr-anim-size-large wpr-anim-timing-ease-default wpr-anim-transparency\"><div class=\"inner-block\"><span data-src=\"https:\/\/montajesdsi.com\/wp-content\/uploads\/2023\/06\/WhatsApp-Image-2023-06-05-at-10.31.27-AM.jpeg\"><i class=\"fas fa-expand\"><\/i><\/span><div class=\"wpr-grid-lightbox-overlay\"><\/div><\/div><\/div><\/div><\/div><\/div><\/div><\/div><\/div><\/div><\/article><article class=\"wpr-grid-item elementor-clearfix post-1145 attachment type-attachment status-inherit hentry\"><div class=\"wpr-grid-item-inner\"><div class=\"wpr-grid-media-wrap wpr-grayscale-in wpr-effect-size-small \"><div class=\"wpr-grid-image-wrap\" data-src=\"https:\/\/montajesdsi.com\/wp-content\/uploads\/2023\/06\/WhatsApp-Image-2023-06-05-at-10.31.26-AM.jpeg\"><img decoding=\"async\" src=\"https:\/\/montajesdsi.com\/wp-content\/uploads\/2023\/06\/WhatsApp-Image-2023-06-05-at-10.31.26-AM.jpeg\" alt=\"WhatsApp Image 2023-06-05 at 10.31.26 AM\" class=\"wpr-anim-timing-ease-default\"><\/div><div class=\"wpr-grid-media-hover wpr-animation-wrap\"><div class=\"wpr-grid-media-hover-bg  wpr-overlay-fade-in wpr-anim-size-large wpr-anim-timing-ease-default wpr-anim-transparency\" data-url=\"https:\/\/montajesdsi.com\/whatsapp-image-2023-06-05-at-10-31-26-am\/\"><\/div><div class=\"wpr-cv-container\"><div class=\"wpr-cv-outer\"><div class=\"wpr-cv-inner\"><div class=\"wpr-grid-media-hover-middle elementor-clearfix\"><div class=\"wpr-grid-item-lightbox elementor-repeater-item-2f89e9b wpr-grid-item-display-block wpr-grid-item-align-center wpr-element-fade-in wpr-anim-size-large wpr-anim-timing-ease-default wpr-anim-transparency\"><div class=\"inner-block\"><span data-src=\"https:\/\/montajesdsi.com\/wp-content\/uploads\/2023\/06\/WhatsApp-Image-2023-06-05-at-10.31.26-AM.jpeg\"><i class=\"fas fa-expand\"><\/i><\/span><div class=\"wpr-grid-lightbox-overlay\"><\/div><\/div><\/div><\/div><\/div><\/div><\/div><\/div><\/div><\/div><\/article><article class=\"wpr-grid-item elementor-clearfix post-1146 attachment type-attachment status-inherit hentry\"><div class=\"wpr-grid-item-inner\"><div class=\"wpr-grid-media-wrap wpr-grayscale-in wpr-effect-size-small \"><div class=\"wpr-grid-image-wrap\" data-src=\"https:\/\/montajesdsi.com\/wp-content\/uploads\/2023\/06\/WhatsApp-Image-2023-06-05-at-10.31.25-AM.jpeg\"><img decoding=\"async\" src=\"https:\/\/montajesdsi.com\/wp-content\/uploads\/2023\/06\/WhatsApp-Image-2023-06-05-at-10.31.25-AM.jpeg\" alt=\"WhatsApp Image 2023-06-05 at 10.31.25 AM\" class=\"wpr-anim-timing-ease-default\"><\/div><div class=\"wpr-grid-media-hover wpr-animation-wrap\"><div class=\"wpr-grid-media-hover-bg  wpr-overlay-fade-in wpr-anim-size-large wpr-anim-timing-ease-default wpr-anim-transparency\" data-url=\"https:\/\/montajesdsi.com\/whatsapp-image-2023-06-05-at-10-31-25-am\/\"><\/div><div class=\"wpr-cv-container\"><div class=\"wpr-cv-outer\"><div class=\"wpr-cv-inner\"><div class=\"wpr-grid-media-hover-middle elementor-clearfix\"><div class=\"wpr-grid-item-lightbox elementor-repeater-item-2f89e9b wpr-grid-item-display-block wpr-grid-item-align-center wpr-element-fade-in wpr-anim-size-large wpr-anim-timing-ease-default wpr-anim-transparency\"><div class=\"inner-block\"><span data-src=\"https:\/\/montajesdsi.com\/wp-content\/uploads\/2023\/06\/WhatsApp-Image-2023-06-05-at-10.31.25-AM.jpeg\"><i class=\"fas fa-expand\"><\/i><\/span><div class=\"wpr-grid-lightbox-overlay\"><\/div><\/div><\/div><\/div><\/div><\/div><\/div><\/div><\/div><\/div><\/article><article class=\"wpr-grid-item elementor-clearfix post-1147 attachment type-attachment status-inherit hentry\"><div class=\"wpr-grid-item-inner\"><div class=\"wpr-grid-media-wrap wpr-grayscale-in wpr-effect-size-small \"><div class=\"wpr-grid-image-wrap\" data-src=\"https:\/\/montajesdsi.com\/wp-content\/uploads\/2023\/06\/WhatsApp-Image-2023-06-05-at-10.31.23-AM.jpeg\"><img decoding=\"async\" src=\"https:\/\/montajesdsi.com\/wp-content\/uploads\/2023\/06\/WhatsApp-Image-2023-06-05-at-10.31.23-AM.jpeg\" alt=\"WhatsApp Image 2023-06-05 at 10.31.23 AM\" class=\"wpr-anim-timing-ease-default\"><\/div><div class=\"wpr-grid-media-hover wpr-animation-wrap\"><div class=\"wpr-grid-media-hover-bg  wpr-overlay-fade-in wpr-anim-size-large wpr-anim-timing-ease-default wpr-anim-transparency\" data-url=\"https:\/\/montajesdsi.com\/whatsapp-image-2023-06-05-at-10-31-23-am\/\"><\/div><div class=\"wpr-cv-container\"><div class=\"wpr-cv-outer\"><div class=\"wpr-cv-inner\"><div class=\"wpr-grid-media-hover-middle elementor-clearfix\"><div class=\"wpr-grid-item-lightbox elementor-repeater-item-2f89e9b wpr-grid-item-display-block wpr-grid-item-align-center wpr-element-fade-in wpr-anim-size-large wpr-anim-timing-ease-default wpr-anim-transparency\"><div class=\"inner-block\"><span data-src=\"https:\/\/montajesdsi.com\/wp-content\/uploads\/2023\/06\/WhatsApp-Image-2023-06-05-at-10.31.23-AM.jpeg\"><i class=\"fas fa-expand\"><\/i><\/span><div class=\"wpr-grid-lightbox-overlay\"><\/div><\/div><\/div><\/div><\/div><\/div><\/div><\/div><\/div><\/div><\/article><article class=\"wpr-grid-item elementor-clearfix post-1148 attachment type-attachment status-inherit hentry\"><div class=\"wpr-grid-item-inner\"><div class=\"wpr-grid-media-wrap wpr-grayscale-in wpr-effect-size-small \"><div class=\"wpr-grid-image-wrap\" data-src=\"https:\/\/montajesdsi.com\/wp-content\/uploads\/2023\/06\/WhatsApp-Image-2023-06-05-at-10.31.19-AM.jpeg\"><img decoding=\"async\" src=\"https:\/\/montajesdsi.com\/wp-content\/uploads\/2023\/06\/WhatsApp-Image-2023-06-05-at-10.31.19-AM.jpeg\" alt=\"WhatsApp Image 2023-06-05 at 10.31.19 AM\" class=\"wpr-anim-timing-ease-default\"><\/div><div class=\"wpr-grid-media-hover wpr-animation-wrap\"><div class=\"wpr-grid-media-hover-bg  wpr-overlay-fade-in wpr-anim-size-large wpr-anim-timing-ease-default wpr-anim-transparency\" data-url=\"https:\/\/montajesdsi.com\/whatsapp-image-2023-06-05-at-10-31-19-am\/\"><\/div><div class=\"wpr-cv-container\"><div class=\"wpr-cv-outer\"><div class=\"wpr-cv-inner\"><div class=\"wpr-grid-media-hover-middle elementor-clearfix\"><div class=\"wpr-grid-item-lightbox elementor-repeater-item-2f89e9b wpr-grid-item-display-block wpr-grid-item-align-center wpr-element-fade-in wpr-anim-size-large wpr-anim-timing-ease-default wpr-anim-transparency\"><div class=\"inner-block\"><span data-src=\"https:\/\/montajesdsi.com\/wp-content\/uploads\/2023\/06\/WhatsApp-Image-2023-06-05-at-10.31.19-AM.jpeg\"><i class=\"fas fa-expand\"><\/i><\/span><div class=\"wpr-grid-lightbox-overlay\"><\/div><\/div><\/div><\/div><\/div><\/div><\/div><\/div><\/div><\/div><\/article><\/section><div class=\"wpr-grid-pagination elementor-clearfix wpr-grid-pagination-load-more\"><a href=\"https:\/\/montajesdsi.com\/index.php\/wp-json\/wp\/v2\/pages\/97\/page\/2\/\" class=\"wpr-load-more-btn\" data-e-disable-page-transition>Cargar mas <\/a><div class=\"wpr-pagination-loading\"><div class=\"wpr-double-bounce\"><div class=\"wpr-child wpr-double-bounce1\"><\/div><div class=\"wpr-child wpr-double-bounce2\"><\/div><\/div><\/div><p class=\"wpr-pagination-finish\">Fin<\/p><\/div>\t\t\t\t<\/div>\n\t\t\t\t<\/div>\n\t\t\t\t\t<\/div>\n\t\t<\/div>\n\t\t\t\t\t<\/div>\n\t\t<\/section>\n\t\t\t\t<\/div>\n\t\t","protected":false},"excerpt":{"rendered":"<p>Proyectos Montajes Industriales DSI, l\u00edder en resultados. Descubre nuestros proyectos destacados en la industria el\u00e9ctrica. \u00c9xito comprobado en cada proyecto. Conoce c\u00f3mo Montajes Industriales DSI ha transformado la industria el\u00e9ctrica. \u00a0 Cargar mas Fin<\/p>\n","protected":false},"author":1,"featured_media":0,"parent":0,"menu_order":0,"comment_status":"closed","ping_status":"closed","template":"elementor_canvas","meta":{"footnotes":""},"class_list":["post-97","page","type-page","status-publish","hentry"],"_links":{"self":[{"href":"https:\/\/montajesdsi.com\/index.php\/wp-json\/wp\/v2\/pages\/97","targetHints":{"allow":["GET"]}}],"collection":[{"href":"https:\/\/montajesdsi.com\/index.php\/wp-json\/wp\/v2\/pages"}],"about":[{"href":"https:\/\/montajesdsi.com\/index.php\/wp-json\/wp\/v2\/types\/page"}],"author":[{"embeddable":true,"href":"https:\/\/montajesdsi.com\/index.php\/wp-json\/wp\/v2\/users\/1"}],"replies":[{"embeddable":true,"href":"https:\/\/montajesdsi.com\/index.php\/wp-json\/wp\/v2\/comments?post=97"}],"version-history":[{"count":24,"href":"https:\/\/montajesdsi.com\/index.php\/wp-json\/wp\/v2\/pages\/97\/revisions"}],"predecessor-version":[{"id":1272,"href":"https:\/\/montajesdsi.com\/index.php\/wp-json\/wp\/v2\/pages\/97\/revisions\/1272"}],"wp:attachment":[{"href":"https:\/\/montajesdsi.com\/index.php\/wp-json\/wp\/v2\/media?parent=97"}],"curies":[{"name":"wp","href":"https:\/\/api.w.org\/{rel}","templated":true}]}}